{"id":12,"date":"2022-05-30T14:56:44","date_gmt":"2022-05-30T14:56:44","guid":{"rendered":"https:\/\/equilibres.be\/?page_id=12"},"modified":"2022-06-03T15:03:10","modified_gmt":"2022-06-03T15:03:10","slug":"randonnees","status":"publish","type":"page","link":"https:\/\/equilibres.be\/?page_id=12","title":{"rendered":"Randonn\u00e9es"},"content":{"rendered":"\t\t<div data-elementor-type=\"wp-page\" data-elementor-id=\"12\" class=\"elementor elementor-12\" data-elementor-post-type=\"page\">\n\t\t\t\t\t\t<section class=\"elementor-section elementor-top-section elementor-element elementor-element-02e735c elementor-section-content-top elementor-section-boxed elementor-section-height-default elementor-section-height-default\" data-id=\"02e735c\" data-element_type=\"section\" data-e-type=\"section\">\n\t\t\t\t\t\t<div class=\"elementor-container elementor-column-gap-default\">\n\t\t\t\t\t<div class=\"elementor-column elementor-col-100 elementor-top-column elementor-element elementor-element-da6006b\" data-id=\"da6006b\" data-element_type=\"column\" data-e-type=\"column\">\n\t\t\t<div class=\"elementor-widget-wrap elementor-element-populated\">\n\t\t\t\t\t\t<div class=\"elementor-element elementor-element-0135c04 elementor-widget elementor-widget-text-editor\" data-id=\"0135c04\" data-element_type=\"widget\" data-e-type=\"widget\" data-widget_type=\"text-editor.default\">\n\t\t\t\t<div class=\"elementor-widget-container\">\n\t\t\t\t\t\t\t\t\t<p>Nous proposons essentiellement deux formules :<br><br>&#8211; une demi-journ\u00e9e, comprenant deux heures \u00e0 cheval dans les bois + les pr\u00e9paratifs (faire connaissance avec son partenaire, le pr\u00e9parer, effectuer les r\u00e9glages du mat\u00e9riel pour le confort du cavalier, et une petite d\u00e9mo pour clarifier comment nos chevaux ont l&rsquo;habitude qu&rsquo;on communique avec eux)<br>Choix entre la matin\u00e9e \u00e0 partir de 9h ou l&rsquo;apr\u00e8s-midi \u00e0 partir de 14h.<br><br>&#8211; la journ\u00e9e compl\u00e8te, qui d\u00e9bute par un petit d\u00e9jeuner gourmand, puis l&rsquo;\u00e9quivalent de la demi-journ\u00e9e, puis un lunch pendant que les chevaux se reposent et mangent \u00e9galement \u00e0 midi, et on repart pour l&rsquo;apr\u00e8s-midi qui se termine g\u00e9n\u00e9ralement vers 18h devant une p\u00e2tisserie pour ne pas repartir l&rsquo;estomac vide.<br><br>Nous fonctionnons \u00e9galement selon les demandes et les pr\u00e9f\u00e9rences des cavaliers, et donc n&rsquo;h\u00e9sitez pas <a href=\"https:\/\/equilibres.be\/?page_id=28\">\u00e0 nous contacter<\/a>.<\/p>\n<p><\/p>\t\t\t\t\t\t\t\t<\/div>\n\t\t\t\t<\/div>\n\t\t\t\t<div class=\"elementor-element elementor-element-0161a78 elementor-widget elementor-widget-spacer\" data-id=\"0161a78\" data-element_type=\"widget\" data-e-type=\"widget\" data-widget_type=\"spacer.default\">\n\t\t\t\t<div class=\"elementor-widget-container\">\n\t\t\t\t\t\t\t<div class=\"elementor-spacer\">\n\t\t\t<div class=\"elementor-spacer-inner\"><\/div>\n\t\t<\/div>\n\t\t\t\t\t\t<\/div>\n\t\t\t\t<\/div>\n\t\t\t\t\t<\/div>\n\t\t<\/div>\n\t\t\t\t\t<\/div>\n\t\t<\/section>\n\t\t\t\t<\/div>\n\t\t","protected":false},"excerpt":{"rendered":"<p>Nous proposons essentiellement deux formules : &#8211; une demi-journ\u00e9e, comprenant deux heures \u00e0 cheval dans les bois + les pr\u00e9paratifs&hellip;<\/p>\n","protected":false},"author":1,"featured_media":0,"parent":0,"menu_order":0,"comment_status":"closed","ping_status":"closed","template":"","meta":{"footnotes":""},"class_list":["post-12","page","type-page","status-publish","hentry"],"_links":{"self":[{"href":"https:\/\/equilibres.be\/index.php?rest_route=\/wp\/v2\/pages\/12","targetHints":{"allow":["GET"]}}],"collection":[{"href":"https:\/\/equilibres.be\/index.php?rest_route=\/wp\/v2\/pages"}],"about":[{"href":"https:\/\/equilibres.be\/index.php?rest_route=\/wp\/v2\/types\/page"}],"author":[{"embeddable":true,"href":"https:\/\/equilibres.be\/index.php?rest_route=\/wp\/v2\/users\/1"}],"replies":[{"embeddable":true,"href":"https:\/\/equilibres.be\/index.php?rest_route=%2Fwp%2Fv2%2Fcomments&post=12"}],"version-history":[{"count":10,"href":"https:\/\/equilibres.be\/index.php?rest_route=\/wp\/v2\/pages\/12\/revisions"}],"predecessor-version":[{"id":133,"href":"https:\/\/equilibres.be\/index.php?rest_route=\/wp\/v2\/pages\/12\/revisions\/133"}],"wp:attachment":[{"href":"https:\/\/equilibres.be\/index.php?rest_route=%2Fwp%2Fv2%2Fmedia&parent=12"}],"curies":[{"name":"wp","href":"https:\/\/api.w.org\/{rel}","templated":true}]}}